{"id":77,"date":"2024-02-05T12:30:46","date_gmt":"2024-02-05T11:30:46","guid":{"rendered":"https:\/\/fisiqa.com\/?page_id=77"},"modified":"2024-02-08T17:59:24","modified_gmt":"2024-02-08T16:59:24","slug":"legal-notices","status":"publish","type":"page","link":"https:\/\/fisiqa.com\/index.php\/en\/legal-notices\/","title":{"rendered":"Legal notices"},"content":{"rendered":"<div class=\"entry-content\">\n<p style=\"text-align: justify;\">The website https:\/\/www.fisiqa.com is produced by FISIQA<br \/>\nHead office: &#8211; 25 boulevard de la Libert\u00e9, 59800 Lille, FRANCE<br \/>\nSASU with a capital of 1000 euros &#8211; SIREN 954 080 313 &#8211; CODE APE 74.90B<br \/>\nIntracommunity VAT FR 65954080313<\/p>\n<p style=\"text-align: justify;\"><strong>Disclaimer concerning the information available on this site<\/strong><br \/>\nFISIQA makes every effort to ensure that the information published on this website is accurate and up-to-date, and reserves the right to correct the content at any time without notice. However, FISIQA cannot guarantee the accuracy, precision or completeness of the information made available on this website.<\/p>\n<p style=\"text-align: justify;\">Consequently, FISIQA declines all responsibility :<\/p>\n<p style=\"text-align: justify;\">any interruption of the website and\/or the occurrence of bugs<br \/>\nany inaccuracy or omission in the information available on the site<br \/>\nfor any damage resulting from fraudulent intrusion by a third party leading to modification of the information made available on the website.<\/p>\n<p style=\"text-align: justify;\"><strong>Publisher<\/strong><br \/>\nThis site is published by FISIQA.<br \/>\nDirector of publication: Bart SCHULTE, President.<br \/>\nDesign and production: FISIQA &amp; APREALMEDIA.com<br \/>\nPhoto &amp; text credits : FISIQA.com &amp; APREALMEDIA.com<\/p>\n<p style=\"text-align: justify;\"><strong>Hosting<\/strong><br \/>\nOVH &#8211; SAS with a capital of \u20ac500 K<br \/>\nHead office: 2 rue Kellermann &#8211; 59100 Roubaix &#8211; France.<\/p>\n<p style=\"text-align: justify;\"><strong>Cookies and Sessions<\/strong><br \/>\nWe may use your browsing data via cookies. The data used is strictly anonymous and is used for purely statistical purposes. For example, you may see personalized banners.<\/p>\n<p style=\"text-align: justify;\">The term &#8220;cookies&#8221; is defined as &#8220;all traces deposited, for example, when a website is consulted or an e-mail is read&#8221;. The FISIQA website includes social network sharing buttons. However, you can refuse cookies by going to your settings (see your browser&#8217;s help menu):<\/p>\n<p style=\"text-align: justify;\">For Internet Explorer : <a class=\"text-primary\" href=\"https:\/\/support.microsoft.com\/fr-fr\/help\/17442\/windows-internet-explorer-delete-manage-cookies\" target=\"_blank\" rel=\"noopener\">Autoriser ou bloquer les cookies avec Internet Explorer<\/a><br \/>\nFor Google Chrome: <a class=\"text-primary\" href=\"https:\/\/support.google.com\/chrome\/answer\/95647?hl=fr&amp;hlrm=en\" target=\"_blank\" rel=\"noopener\">G\u00e9rez vos cookies avec Google Chrome<\/a><br \/>\nFor Mozilla Firefox: <a class=\"text-primary\" href=\"https:\/\/support.mozilla.org\/fr\/kb\/activer-desactiver-cookies-preferences?redirectlocale=fr&amp;redirectslug=activer-desactiver-cookies\" target=\"_blank\" rel=\"noopener\">Activez ou d\u00e9sactivez vos cookies avec Mozilla Firefox<\/a><br \/>\nFor Opera:\u00a0<a class=\"text-primary\" href=\"https:\/\/help.opera.com\/fr\/Windows\/10.20\/fr\/cookies.html\">Gestion des pr\u00e9f\u00e9rences cookies avec Op\u00e9ra<\/a><br \/>\nFor Safari: <a class=\"text-primary\" href=\"https:\/\/support.apple.com\/kb\/PH17191?viewlocale=en_US&amp;locale=en_US\" target=\"_blank\" rel=\"noopener\">Gestion des cookies avec Safari (en anglais)<\/a><\/p>\n<p style=\"text-align: justify;\">If you no longer wish to see this type of banner and\/or would like more information on this process, please visit the following addresses:<\/p>\n<p style=\"text-align: justify;\">Google:\u00a0<a href=\"https:\/\/policies.google.com\/privacy\">https:\/\/policies.google.com\/privacy<\/a><br \/>\nNAI:\u00a0<a href=\"https:\/\/thenai.org\/opt-out\/\">https:\/\/thenai.org\/opt-out\/<\/a><\/p>\n<p style=\"text-align: justify;\"><strong>Personal data<\/strong><br \/>\nFISIQA is committed to preserving the confidentiality of any information provided online by Internet users. Any personal information that the Internet user may be required to transmit to FISIQA for the use of certain services is subject to European Regulation (EU) 2016\/679 of April 27, 2016 on the protection of individuals with regard to the processing of personal data, and to the French Data Protection Act (Loi Informatique, Fichiers et Libert\u00e9s) no. 78-17 of January 6, 1978, as amended.<\/p>\n<p style=\"text-align: justify;\">The legal basis for data processing is consent.<\/p>\n<p style=\"text-align: justify;\">Internet users therefore have the right to access, rectify and delete any personal information concerning them, which they may exercise at any time using the contact form in the &#8220;Contact&#8221; section, or by sending a letter to the following address: FISIQA &#8211; 25 boulevard de la Libert\u00e9 &#8211; 59800 Lille &#8211; France.<\/p>\n<p style=\"text-align: justify;\">The information collected in the site&#8217;s contact forms is intended to be used to recontact the Internet user to answer a question. The surname, first name and e-mail address will be used to contact the user if necessary.<\/p>\n<p style=\"text-align: justify;\">Personal data from forms will be deleted once the request has been processed. If you have any questions about the processing of your data under this system, you can contact us using the contact form provided on the site.<\/p>\n<p style=\"text-align: justify;\">If, after contacting us, you feel that your rights with regard to data processing, data files and individual liberties have not been respected, you may lodge a complaint online with the CNIL: www.cnil.fr or by post: CNIL, 3 Place de Fontenoy &#8211; TSA 80715 &#8211; 75334 PARIS CEDEX 07.<\/p>\n<p style=\"text-align: justify;\">The site may include links to other websites or other Internet sources. Insofar as FISIQA cannot control these external sites and sources, FISIQA cannot be held responsible for the availability of these external sites and sources, and cannot be held responsible for the content, advertising, products, services or any other material available on or from these external sites or sources.<\/p>\n<p style=\"text-align: justify;\">Furthermore, FISIQA shall not be held liable for any damage or loss, whether actual or alleged, arising out of or in connection with the use of or reliance on the content, goods or services available on such external sites or sources.<\/p>\n<p style=\"text-align: justify;\"><strong>Intellectual property rights<\/strong><br \/>\nThis entire site is governed by French legislation on copyright and intellectual property. All reproduction rights are reserved, including for downloadable documents and iconographic and photographic representations.<\/p>\n<p style=\"text-align: justify;\">Reproduction of all or part of this site on any electronic medium whatsoever is strictly forbidden &#8211; unless expressly authorized by the President of FISIQA, who is also the publishing director.<\/p>\n<p style=\"text-align: justify;\">This document comes from the FISIQA website.<\/p>\n<p style=\"text-align: justify;\">Reproduction rights are reserved and strictly limited.<\/p>\n<p style=\"text-align: justify;\"><strong>Operation<\/strong><br \/>\nIf you have any comments on the operation of this site, please send us a message via the contact form.<\/p>\n<\/div>\n","protected":false},"excerpt":{"rendered":"<p>The website https:\/\/www.fisiqa.com is produced by FISIQA Head office: &#8211; 25 boulevard de la Libert\u00e9, 59800 Lille, FRANCE SASU with a capital of 1000 euros &#8211; SIREN 954 080 313 &#8211; CODE APE 74.90B Intracommunity VAT FR 65954080313 Disclaimer concerning the information available on this site FISIQA makes every effort to ensure that the information &hellip; <\/p>\n<p class=\"link-more\"><a href=\"https:\/\/fisiqa.com\/index.php\/en\/legal-notices\/\" class=\"more-link\">Read more<span class=\"screen-reader-text\"> &#8220;Legal notices&#8221;<\/span><\/a><\/p>\n","protected":false},"author":4,"featured_media":163,"parent":0,"menu_order":0,"comment_status":"closed","ping_status":"closed","template":"","meta":{"inspiro_hide_title":false,"footnotes":""},"class_list":["post-77","page","type-page","status-publish","has-post-thumbnail","hentry"],"yoast_head":"<!-- This site is optimized with the Yoast SEO plugin v27.4 - https:\/\/yoast.com\/product\/yoast-seo-wordpress\/ -->\n<title>Legal notices - FISIQA<\/title>\n<meta name=\"robots\" content=\"index, follow, max-snippet:-1, max-image-preview:large, max-video-preview:-1\" \/>\n<link rel=\"canonical\" href=\"https:\/\/fisiqa.com\/index.php\/en\/legal-notices\/\" \/>\n<meta property=\"og:locale\" content=\"en_US\" \/>\n<meta property=\"og:type\" content=\"article\" \/>\n<meta property=\"og:title\" content=\"Legal notices - FISIQA\" \/>\n<meta property=\"og:description\" content=\"The website https:\/\/www.fisiqa.com is produced by FISIQA Head office: &#8211; 25 boulevard de la Libert\u00e9, 59800 Lille, FRANCE SASU with a capital of 1000 euros &#8211; SIREN 954 080 313 &#8211; CODE APE 74.90B Intracommunity VAT FR 65954080313 Disclaimer concerning the information available on this site FISIQA makes every effort to ensure that the information &hellip; Read more &quot;Legal notices&quot;\" \/>\n<meta property=\"og:url\" content=\"https:\/\/fisiqa.com\/index.php\/en\/legal-notices\/\" \/>\n<meta property=\"og:site_name\" content=\"FISIQA\" \/>\n<meta property=\"article:modified_time\" content=\"2024-02-08T16:59:24+00:00\" \/>\n<meta property=\"og:image\" content=\"https:\/\/fisiqa.com\/wp-content\/uploads\/2024\/02\/686586-scaled.webp\" \/>\n\t<meta property=\"og:image:width\" content=\"2560\" \/>\n\t<meta property=\"og:image:height\" content=\"1707\" \/>\n\t<meta property=\"og:image:type\" content=\"image\/webp\" \/>\n<meta name=\"twitter:card\" content=\"summary_large_image\" \/>\n<meta name=\"twitter:label1\" content=\"Est. reading time\" \/>\n\t<meta name=\"twitter:data1\" content=\"4 minutes\" \/>\n<script type=\"application\/ld+json\" class=\"yoast-schema-graph\">{\"@context\":\"https:\\\/\\\/schema.org\",\"@graph\":[{\"@type\":\"WebPage\",\"@id\":\"https:\\\/\\\/fisiqa.com\\\/index.php\\\/en\\\/legal-notices\\\/\",\"url\":\"https:\\\/\\\/fisiqa.com\\\/index.php\\\/en\\\/legal-notices\\\/\",\"name\":\"Legal notices - FISIQA\",\"isPartOf\":{\"@id\":\"https:\\\/\\\/fisiqa.com\\\/#website\"},\"primaryImageOfPage\":{\"@id\":\"https:\\\/\\\/fisiqa.com\\\/index.php\\\/en\\\/legal-notices\\\/#primaryimage\"},\"image\":{\"@id\":\"https:\\\/\\\/fisiqa.com\\\/index.php\\\/en\\\/legal-notices\\\/#primaryimage\"},\"thumbnailUrl\":\"https:\\\/\\\/fisiqa.com\\\/wp-content\\\/uploads\\\/2024\\\/02\\\/686586-scaled.webp\",\"datePublished\":\"2024-02-05T11:30:46+00:00\",\"dateModified\":\"2024-02-08T16:59:24+00:00\",\"breadcrumb\":{\"@id\":\"https:\\\/\\\/fisiqa.com\\\/index.php\\\/en\\\/legal-notices\\\/#breadcrumb\"},\"inLanguage\":\"en-US\",\"potentialAction\":[{\"@type\":\"ReadAction\",\"target\":[\"https:\\\/\\\/fisiqa.com\\\/index.php\\\/en\\\/legal-notices\\\/\"]}]},{\"@type\":\"ImageObject\",\"inLanguage\":\"en-US\",\"@id\":\"https:\\\/\\\/fisiqa.com\\\/index.php\\\/en\\\/legal-notices\\\/#primaryimage\",\"url\":\"https:\\\/\\\/fisiqa.com\\\/wp-content\\\/uploads\\\/2024\\\/02\\\/686586-scaled.webp\",\"contentUrl\":\"https:\\\/\\\/fisiqa.com\\\/wp-content\\\/uploads\\\/2024\\\/02\\\/686586-scaled.webp\",\"width\":2560,\"height\":1707,\"caption\":\"food \u00a9 APREALMEDIA\"},{\"@type\":\"BreadcrumbList\",\"@id\":\"https:\\\/\\\/fisiqa.com\\\/index.php\\\/en\\\/legal-notices\\\/#breadcrumb\",\"itemListElement\":[{\"@type\":\"ListItem\",\"position\":1,\"name\":\"Accueil\",\"item\":\"https:\\\/\\\/fisiqa.com\\\/index.php\\\/en\\\/home\\\/\"},{\"@type\":\"ListItem\",\"position\":2,\"name\":\"Legal notices\"}]},{\"@type\":\"WebSite\",\"@id\":\"https:\\\/\\\/fisiqa.com\\\/#website\",\"url\":\"https:\\\/\\\/fisiqa.com\\\/\",\"name\":\"FISIQA\",\"description\":\"Food Industry Support In Quality Assurance\",\"publisher\":{\"@id\":\"https:\\\/\\\/fisiqa.com\\\/#organization\"},\"potentialAction\":[{\"@type\":\"SearchAction\",\"target\":{\"@type\":\"EntryPoint\",\"urlTemplate\":\"https:\\\/\\\/fisiqa.com\\\/?s={search_term_string}\"},\"query-input\":{\"@type\":\"PropertyValueSpecification\",\"valueRequired\":true,\"valueName\":\"search_term_string\"}}],\"inLanguage\":\"en-US\"},{\"@type\":\"Organization\",\"@id\":\"https:\\\/\\\/fisiqa.com\\\/#organization\",\"name\":\"FISIQA\",\"url\":\"https:\\\/\\\/fisiqa.com\\\/\",\"logo\":{\"@type\":\"ImageObject\",\"inLanguage\":\"en-US\",\"@id\":\"https:\\\/\\\/fisiqa.com\\\/#\\\/schema\\\/logo\\\/image\\\/\",\"url\":\"https:\\\/\\\/fisiqa.com\\\/wp-content\\\/uploads\\\/2024\\\/02\\\/logo-V3-def.png\",\"contentUrl\":\"https:\\\/\\\/fisiqa.com\\\/wp-content\\\/uploads\\\/2024\\\/02\\\/logo-V3-def.png\",\"width\":2500,\"height\":568,\"caption\":\"FISIQA\"},\"image\":{\"@id\":\"https:\\\/\\\/fisiqa.com\\\/#\\\/schema\\\/logo\\\/image\\\/\"},\"sameAs\":[\"https:\\\/\\\/www.linkedin.com\\\/in\\\/bartcschulte\"]}]}<\/script>\n<!-- \/ Yoast SEO plugin. -->","yoast_head_json":{"title":"Legal notices - FISIQA","robots":{"index":"index","follow":"follow","max-snippet":"max-snippet:-1","max-image-preview":"max-image-preview:large","max-video-preview":"max-video-preview:-1"},"canonical":"https:\/\/fisiqa.com\/index.php\/en\/legal-notices\/","og_locale":"en_US","og_type":"article","og_title":"Legal notices - FISIQA","og_description":"The website https:\/\/www.fisiqa.com is produced by FISIQA Head office: &#8211; 25 boulevard de la Libert\u00e9, 59800 Lille, FRANCE SASU with a capital of 1000 euros &#8211; SIREN 954 080 313 &#8211; CODE APE 74.90B Intracommunity VAT FR 65954080313 Disclaimer concerning the information available on this site FISIQA makes every effort to ensure that the information &hellip; Read more \"Legal notices\"","og_url":"https:\/\/fisiqa.com\/index.php\/en\/legal-notices\/","og_site_name":"FISIQA","article_modified_time":"2024-02-08T16:59:24+00:00","og_image":[{"width":2560,"height":1707,"url":"https:\/\/fisiqa.com\/wp-content\/uploads\/2024\/02\/686586-scaled.webp","type":"image\/webp"}],"twitter_card":"summary_large_image","twitter_misc":{"Est. reading time":"4 minutes"},"schema":{"@context":"https:\/\/schema.org","@graph":[{"@type":"WebPage","@id":"https:\/\/fisiqa.com\/index.php\/en\/legal-notices\/","url":"https:\/\/fisiqa.com\/index.php\/en\/legal-notices\/","name":"Legal notices - FISIQA","isPartOf":{"@id":"https:\/\/fisiqa.com\/#website"},"primaryImageOfPage":{"@id":"https:\/\/fisiqa.com\/index.php\/en\/legal-notices\/#primaryimage"},"image":{"@id":"https:\/\/fisiqa.com\/index.php\/en\/legal-notices\/#primaryimage"},"thumbnailUrl":"https:\/\/fisiqa.com\/wp-content\/uploads\/2024\/02\/686586-scaled.webp","datePublished":"2024-02-05T11:30:46+00:00","dateModified":"2024-02-08T16:59:24+00:00","breadcrumb":{"@id":"https:\/\/fisiqa.com\/index.php\/en\/legal-notices\/#breadcrumb"},"inLanguage":"en-US","potentialAction":[{"@type":"ReadAction","target":["https:\/\/fisiqa.com\/index.php\/en\/legal-notices\/"]}]},{"@type":"ImageObject","inLanguage":"en-US","@id":"https:\/\/fisiqa.com\/index.php\/en\/legal-notices\/#primaryimage","url":"https:\/\/fisiqa.com\/wp-content\/uploads\/2024\/02\/686586-scaled.webp","contentUrl":"https:\/\/fisiqa.com\/wp-content\/uploads\/2024\/02\/686586-scaled.webp","width":2560,"height":1707,"caption":"food \u00a9 APREALMEDIA"},{"@type":"BreadcrumbList","@id":"https:\/\/fisiqa.com\/index.php\/en\/legal-notices\/#breadcrumb","itemListElement":[{"@type":"ListItem","position":1,"name":"Accueil","item":"https:\/\/fisiqa.com\/index.php\/en\/home\/"},{"@type":"ListItem","position":2,"name":"Legal notices"}]},{"@type":"WebSite","@id":"https:\/\/fisiqa.com\/#website","url":"https:\/\/fisiqa.com\/","name":"FISIQA","description":"Food Industry Support In Quality Assurance","publisher":{"@id":"https:\/\/fisiqa.com\/#organization"},"potentialAction":[{"@type":"SearchAction","target":{"@type":"EntryPoint","urlTemplate":"https:\/\/fisiqa.com\/?s={search_term_string}"},"query-input":{"@type":"PropertyValueSpecification","valueRequired":true,"valueName":"search_term_string"}}],"inLanguage":"en-US"},{"@type":"Organization","@id":"https:\/\/fisiqa.com\/#organization","name":"FISIQA","url":"https:\/\/fisiqa.com\/","logo":{"@type":"ImageObject","inLanguage":"en-US","@id":"https:\/\/fisiqa.com\/#\/schema\/logo\/image\/","url":"https:\/\/fisiqa.com\/wp-content\/uploads\/2024\/02\/logo-V3-def.png","contentUrl":"https:\/\/fisiqa.com\/wp-content\/uploads\/2024\/02\/logo-V3-def.png","width":2500,"height":568,"caption":"FISIQA"},"image":{"@id":"https:\/\/fisiqa.com\/#\/schema\/logo\/image\/"},"sameAs":["https:\/\/www.linkedin.com\/in\/bartcschulte"]}]}},"_links":{"self":[{"href":"https:\/\/fisiqa.com\/index.php\/wp-json\/wp\/v2\/pages\/77","targetHints":{"allow":["GET"]}}],"collection":[{"href":"https:\/\/fisiqa.com\/index.php\/wp-json\/wp\/v2\/pages"}],"about":[{"href":"https:\/\/fisiqa.com\/index.php\/wp-json\/wp\/v2\/types\/page"}],"author":[{"embeddable":true,"href":"https:\/\/fisiqa.com\/index.php\/wp-json\/wp\/v2\/users\/4"}],"replies":[{"embeddable":true,"href":"https:\/\/fisiqa.com\/index.php\/wp-json\/wp\/v2\/comments?post=77"}],"version-history":[{"count":0,"href":"https:\/\/fisiqa.com\/index.php\/wp-json\/wp\/v2\/pages\/77\/revisions"}],"wp:featuredmedia":[{"embeddable":true,"href":"https:\/\/fisiqa.com\/index.php\/wp-json\/wp\/v2\/media\/163"}],"wp:attachment":[{"href":"https:\/\/fisiqa.com\/index.php\/wp-json\/wp\/v2\/media?parent=77"}],"curies":[{"name":"wp","href":"https:\/\/api.w.org\/{rel}","templated":true}]}}