{"id":384,"date":"2024-02-17T11:02:39","date_gmt":"2024-02-17T10:02:39","guid":{"rendered":"https:\/\/fisiqa.com\/?page_id=384"},"modified":"2024-03-14T08:13:25","modified_gmt":"2024-03-14T07:13:25","slug":"actualites","status":"publish","type":"page","link":"https:\/\/fisiqa.com\/index.php\/actualites\/","title":{"rendered":"Actualit\u00e9s"},"content":{"rendered":"\t\t<div data-elementor-type=\"wp-page\" data-elementor-id=\"384\" class=\"elementor elementor-384\">\n\t\t\t\t<div class=\"elementor-element elementor-element-e469a2a e-flex e-con-boxed e-con e-parent\" data-id=\"e469a2a\" data-element_type=\"container\" data-e-type=\"container\">\n\t\t\t\t\t<div class=\"e-con-inner\">\n\t\t\t\t<div class=\"elementor-element elementor-element-9e770f0 elementor-widget elementor-widget-spacer\" data-id=\"9e770f0\" data-element_type=\"widget\" data-e-type=\"widget\" data-widget_type=\"spacer.default\">\n\t\t\t\t<div class=\"elementor-widget-container\">\n\t\t\t\t\t\t\t<div class=\"elementor-spacer\">\n\t\t\t<div class=\"elementor-spacer-inner\"><\/div>\n\t\t<\/div>\n\t\t\t\t\t\t<\/div>\n\t\t\t\t<\/div>\n\t\t\t\t<div class=\"elementor-element elementor-element-a720510 elementor-grid-2 elementor-grid-tablet-2 elementor-grid-mobile-1 elementor-widget elementor-widget-wpzoom-elementor-addons-posts-grid\" data-id=\"a720510\" data-element_type=\"widget\" data-e-type=\"widget\" data-settings=\"{&quot;columns&quot;:&quot;2&quot;,&quot;columns_tablet&quot;:&quot;2&quot;,&quot;columns_mobile&quot;:&quot;1&quot;}\" data-widget_type=\"wpzoom-elementor-addons-posts-grid.default\">\n\t\t\t\t<div class=\"elementor-widget-container\">\n\t\t\t\t\t\t\t<div \n\t\t\tclass=\"wpz-grid\" \n\t\t\tdata-uid=\"a720510\"\n\t\t\tdata-offset=\"4\"\n\t\t\tdata-posts-grid='{\"posts_per_page\":4,\"post_status\":\"publish\",\"paged\":1,\"post__not_in\":[],\"ignore_sticky_posts\":true,\"category_name\":\"actualites\",\"no_found_rows\":true,\"orderby\":\"post_date\",\"order\":\"desc\",\"offset\":4,\"show_image\":\"yes\",\"post_thumbnail_size\":\"full\",\"show_title\":\"yes\",\"title_tag\":\"h3\",\"meta_data\":[\"date\"],\"show_excerpt\":\"yes\",\"excerpt_length\":25,\"show_read_more\":\"yes\",\"read_more_text\":\"Lire la suite\",\"grid_style\":\"1\",\"total\":0}'>\n\t\t\t\t\t\t<div class=\"wpz-grid-container elementor-grid wpz-grid-desktop-2  wpz-grid-tablet-2  wpz-grid-mobile-1 \">\n\t\t\t\t\n        <article id=\"post-298\" class=\"wpz-post post-298 post type-post status-publish format-standard has-post-thumbnail hentry category-actualites\">\n         \n            <div class=\"post-grid-inner\">\n            \t\n            \t\t\t\t<div class=\"post-grid-thumbnail\">\n\t\t\t\t<a href=\"https:\/\/fisiqa.com\/index.php\/2024\/02\/15\/35-ans-dexperience\/\" title=\"35 ans d&#8217;exp\u00e9rience\">\n\t\t\t\t\t<img fetchpriority=\"high\" decoding=\"async\" width=\"2560\" height=\"1443\" src=\"https:\/\/fisiqa.com\/wp-content\/uploads\/2024\/02\/bart-schulte-01-scaled.webp\" class=\"attachment-full size-full wp-post-image\" alt=\"Portrait of Bart Schulte - FISIKA \u00a9 APREALMEDIA\" srcset=\"https:\/\/fisiqa.com\/wp-content\/uploads\/2024\/02\/bart-schulte-01-scaled.webp 2560w, https:\/\/fisiqa.com\/wp-content\/uploads\/2024\/02\/bart-schulte-01-300x169.webp 300w, https:\/\/fisiqa.com\/wp-content\/uploads\/2024\/02\/bart-schulte-01-1024x577.webp 1024w, https:\/\/fisiqa.com\/wp-content\/uploads\/2024\/02\/bart-schulte-01-2000x1127.webp 2000w\" sizes=\"100vw\" \/>\t\t\t\t<\/a>\n\t\t\t<\/div>\n\t\t\n                <div class=\"post-grid-text-wrap\">\n               \t\t\t\t<h3 class=\"title\">\n\t\t\t<a href=\"https:\/\/fisiqa.com\/index.php\/2024\/02\/15\/35-ans-dexperience\/\" title=\"35 ans d&#8217;exp\u00e9rience\">35 ans d&#8217;exp\u00e9rience<\/a>\n\t\t<\/h3>\n\t\t\t                \t\t<div class=\"post-grid-meta\">\n\t\t\t<span class=\"post-date\">15 February 2024<\/span>\t\t<\/div>\n\t\t\t                <div class=\"post-grid-excerpt\"><p>Je m&#8217;appelle Bart Schulte, je suis un cadre sup\u00e9rieur de l&#8217;industrie alimentaire, expert en gestion de l&#8217;assurance qualit\u00e9, des affaires r\u00e9glementaires, de la transformation des&hellip;<\/p>\n<\/div>\t                <a class=\"read-more-btn\" href=\"https:\/\/fisiqa.com\/index.php\/2024\/02\/15\/35-ans-dexperience\/\">Lire la suite<\/a>                <\/div>\n\n            <\/div><!-- .blog-inner -->\n           \n        <\/article>\n\n        \n        <article id=\"post-318\" class=\"wpz-post post-318 post type-post status-publish format-standard has-post-thumbnail hentry category-actualites tag-produits-alimentaires tag-securite-alimentaire\">\n         \n            <div class=\"post-grid-inner\">\n            \t\n            \t\t\t\t<div class=\"post-grid-thumbnail\">\n\t\t\t\t<a href=\"https:\/\/fisiqa.com\/index.php\/2024\/02\/15\/bienvenue-chez-fisiqa\/\" title=\"Bienvenue chez FISIQA\">\n\t\t\t\t\t<img decoding=\"async\" width=\"2560\" height=\"1435\" src=\"https:\/\/fisiqa.com\/wp-content\/uploads\/2024\/02\/001549-scaled.webp\" class=\"attachment-full size-full wp-post-image\" alt=\"Sunflower field \u00a9 APREALMEDIA\" srcset=\"https:\/\/fisiqa.com\/wp-content\/uploads\/2024\/02\/001549-scaled.webp 2560w, https:\/\/fisiqa.com\/wp-content\/uploads\/2024\/02\/001549-600x336.webp 600w, https:\/\/fisiqa.com\/wp-content\/uploads\/2024\/02\/001549-2048x1148.webp 2048w, https:\/\/fisiqa.com\/wp-content\/uploads\/2024\/02\/001549-2000x1121.webp 2000w\" sizes=\"100vw\" \/>\t\t\t\t<\/a>\n\t\t\t<\/div>\n\t\t\n                <div class=\"post-grid-text-wrap\">\n               \t\t\t\t<h3 class=\"title\">\n\t\t\t<a href=\"https:\/\/fisiqa.com\/index.php\/2024\/02\/15\/bienvenue-chez-fisiqa\/\" title=\"Bienvenue chez FISIQA\">Bienvenue chez FISIQA<\/a>\n\t\t<\/h3>\n\t\t\t                \t\t<div class=\"post-grid-meta\">\n\t\t\t<span class=\"post-date\">15 February 2024<\/span>\t\t<\/div>\n\t\t\t                <div class=\"post-grid-excerpt\"><p>L&#8217;ann\u00e9e derni\u00e8re, en 2023, j&#8217;ai fond\u00e9 FISIQA, qui signifie &#8220;Food Industry Support in Quality Assurance&#8221; (soutien \u00e0 l&#8217;industrie alimentaire en mati\u00e8re d&#8217;assurance qualit\u00e9). Outre la&hellip;<\/p>\n<\/div>\t                <a class=\"read-more-btn\" href=\"https:\/\/fisiqa.com\/index.php\/2024\/02\/15\/bienvenue-chez-fisiqa\/\">Lire la suite<\/a>                <\/div>\n\n            <\/div><!-- .blog-inner -->\n           \n        <\/article>\n\n        \t\t\t<\/div>\n\n\t\t\t\t\t\t\t\t\n\t\t<\/div><!-- \/\/.wpz-grid -->\n\t\t\t\t\t\t<\/div>\n\t\t\t\t<\/div>\n\t\t\t\t<div class=\"elementor-element elementor-element-8b02c1d elementor-widget elementor-widget-spacer\" data-id=\"8b02c1d\" data-element_type=\"widget\" data-e-type=\"widget\" data-widget_type=\"spacer.default\">\n\t\t\t\t<div class=\"elementor-widget-container\">\n\t\t\t\t\t\t\t<div class=\"elementor-spacer\">\n\t\t\t<div class=\"elementor-spacer-inner\"><\/div>\n\t\t<\/div>\n\t\t\t\t\t\t<\/div>\n\t\t\t\t<\/div>\n\t\t\t\t\t<\/div>\n\t\t\t\t<\/div>\n\t\t\t\t<\/div>\n\t\t","protected":false},"excerpt":{"rendered":"<p>35 ans d&#8217;exp\u00e9rience 15 February 2024 Je m&#8217;appelle Bart Schulte, je suis un cadre sup\u00e9rieur de l&#8217;industrie alimentaire, expert en gestion de l&#8217;assurance qualit\u00e9, des affaires r\u00e9glementaires, de la transformation des aliments et du d\u00e9veloppement des emballages, de la sant\u00e9, de la s\u00e9curit\u00e9 au travail et de l&#8217;environnement, avec plus de 35 ans d&#8217;exp\u00e9rience dans &hellip; <\/p>\n<p class=\"link-more\"><a href=\"https:\/\/fisiqa.com\/index.php\/2024\/02\/15\/bienvenue-chez-fisiqa\/\" class=\"more-link\">Read more<span class=\"screen-reader-text\"> &#8220;Bienvenue chez FISIQA&#8221;<\/span><\/a><\/p>\n","protected":false},"author":4,"featured_media":164,"parent":0,"menu_order":0,"comment_status":"closed","ping_status":"closed","template":"","meta":{"inspiro_hide_title":false,"footnotes":""},"class_list":["post-384","page","type-page","status-publish","has-post-thumbnail","hentry"],"yoast_head":"<!-- This site is optimized with the Yoast SEO plugin v27.4 - https:\/\/yoast.com\/product\/yoast-seo-wordpress\/ -->\n<title>Actualit\u00e9s - FISIQA<\/title>\n<meta name=\"robots\" content=\"index, follow, max-snippet:-1, max-image-preview:large, max-video-preview:-1\" \/>\n<link rel=\"canonical\" href=\"https:\/\/fisiqa.com\/index.php\/actualites\/\" \/>\n<meta property=\"og:locale\" content=\"en_US\" \/>\n<meta property=\"og:type\" content=\"article\" \/>\n<meta property=\"og:title\" content=\"Actualit\u00e9s - FISIQA\" \/>\n<meta property=\"og:description\" content=\"35 ans d&#8217;exp\u00e9rience 15 February 2024 Je m&#8217;appelle Bart Schulte, je suis un cadre sup\u00e9rieur de l&#8217;industrie alimentaire, expert en gestion de l&#8217;assurance qualit\u00e9, des affaires r\u00e9glementaires, de la transformation des aliments et du d\u00e9veloppement des emballages, de la sant\u00e9, de la s\u00e9curit\u00e9 au travail et de l&#8217;environnement, avec plus de 35 ans d&#8217;exp\u00e9rience dans &hellip; Read more &quot;Bienvenue chez FISIQA&quot;\" \/>\n<meta property=\"og:url\" content=\"https:\/\/fisiqa.com\/index.php\/actualites\/\" \/>\n<meta property=\"og:site_name\" content=\"FISIQA\" \/>\n<meta property=\"article:modified_time\" content=\"2024-03-14T07:13:25+00:00\" \/>\n<meta property=\"og:image\" content=\"https:\/\/fisiqa.com\/wp-content\/uploads\/2024\/02\/04973-scaled.webp\" \/>\n\t<meta property=\"og:image:width\" content=\"2560\" \/>\n\t<meta property=\"og:image:height\" content=\"1435\" \/>\n\t<meta property=\"og:image:type\" content=\"image\/webp\" \/>\n<meta name=\"twitter:card\" content=\"summary_large_image\" \/>\n<meta name=\"twitter:label1\" content=\"Est. reading time\" \/>\n\t<meta name=\"twitter:data1\" content=\"1 minute\" \/>\n<script type=\"application\/ld+json\" class=\"yoast-schema-graph\">{\"@context\":\"https:\\\/\\\/schema.org\",\"@graph\":[{\"@type\":\"WebPage\",\"@id\":\"https:\\\/\\\/fisiqa.com\\\/index.php\\\/actualites\\\/\",\"url\":\"https:\\\/\\\/fisiqa.com\\\/index.php\\\/actualites\\\/\",\"name\":\"Actualit\u00e9s - FISIQA\",\"isPartOf\":{\"@id\":\"https:\\\/\\\/fisiqa.com\\\/#website\"},\"primaryImageOfPage\":{\"@id\":\"https:\\\/\\\/fisiqa.com\\\/index.php\\\/actualites\\\/#primaryimage\"},\"image\":{\"@id\":\"https:\\\/\\\/fisiqa.com\\\/index.php\\\/actualites\\\/#primaryimage\"},\"thumbnailUrl\":\"https:\\\/\\\/fisiqa.com\\\/wp-content\\\/uploads\\\/2024\\\/02\\\/04973-scaled.webp\",\"datePublished\":\"2024-02-17T10:02:39+00:00\",\"dateModified\":\"2024-03-14T07:13:25+00:00\",\"breadcrumb\":{\"@id\":\"https:\\\/\\\/fisiqa.com\\\/index.php\\\/actualites\\\/#breadcrumb\"},\"inLanguage\":\"en-US\",\"potentialAction\":[{\"@type\":\"ReadAction\",\"target\":[\"https:\\\/\\\/fisiqa.com\\\/index.php\\\/actualites\\\/\"]}]},{\"@type\":\"ImageObject\",\"inLanguage\":\"en-US\",\"@id\":\"https:\\\/\\\/fisiqa.com\\\/index.php\\\/actualites\\\/#primaryimage\",\"url\":\"https:\\\/\\\/fisiqa.com\\\/wp-content\\\/uploads\\\/2024\\\/02\\\/04973-scaled.webp\",\"contentUrl\":\"https:\\\/\\\/fisiqa.com\\\/wp-content\\\/uploads\\\/2024\\\/02\\\/04973-scaled.webp\",\"width\":2560,\"height\":1435,\"caption\":\"A growing potato plant \u00a9 APREALMEDIA\"},{\"@type\":\"BreadcrumbList\",\"@id\":\"https:\\\/\\\/fisiqa.com\\\/index.php\\\/actualites\\\/#breadcrumb\",\"itemListElement\":[{\"@type\":\"ListItem\",\"position\":1,\"name\":\"Accueil\",\"item\":\"https:\\\/\\\/fisiqa.com\\\/index.php\\\/en\\\/home\\\/\"},{\"@type\":\"ListItem\",\"position\":2,\"name\":\"Actualit\u00e9s\"}]},{\"@type\":\"WebSite\",\"@id\":\"https:\\\/\\\/fisiqa.com\\\/#website\",\"url\":\"https:\\\/\\\/fisiqa.com\\\/\",\"name\":\"FISIQA\",\"description\":\"Food Industry Support In Quality Assurance\",\"publisher\":{\"@id\":\"https:\\\/\\\/fisiqa.com\\\/#organization\"},\"potentialAction\":[{\"@type\":\"SearchAction\",\"target\":{\"@type\":\"EntryPoint\",\"urlTemplate\":\"https:\\\/\\\/fisiqa.com\\\/?s={search_term_string}\"},\"query-input\":{\"@type\":\"PropertyValueSpecification\",\"valueRequired\":true,\"valueName\":\"search_term_string\"}}],\"inLanguage\":\"en-US\"},{\"@type\":\"Organization\",\"@id\":\"https:\\\/\\\/fisiqa.com\\\/#organization\",\"name\":\"FISIQA\",\"url\":\"https:\\\/\\\/fisiqa.com\\\/\",\"logo\":{\"@type\":\"ImageObject\",\"inLanguage\":\"en-US\",\"@id\":\"https:\\\/\\\/fisiqa.com\\\/#\\\/schema\\\/logo\\\/image\\\/\",\"url\":\"https:\\\/\\\/fisiqa.com\\\/wp-content\\\/uploads\\\/2024\\\/02\\\/logo-V3-def.png\",\"contentUrl\":\"https:\\\/\\\/fisiqa.com\\\/wp-content\\\/uploads\\\/2024\\\/02\\\/logo-V3-def.png\",\"width\":2500,\"height\":568,\"caption\":\"FISIQA\"},\"image\":{\"@id\":\"https:\\\/\\\/fisiqa.com\\\/#\\\/schema\\\/logo\\\/image\\\/\"},\"sameAs\":[\"https:\\\/\\\/www.linkedin.com\\\/in\\\/bartcschulte\"]}]}<\/script>\n<!-- \/ Yoast SEO plugin. -->","yoast_head_json":{"title":"Actualit\u00e9s - FISIQA","robots":{"index":"index","follow":"follow","max-snippet":"max-snippet:-1","max-image-preview":"max-image-preview:large","max-video-preview":"max-video-preview:-1"},"canonical":"https:\/\/fisiqa.com\/index.php\/actualites\/","og_locale":"en_US","og_type":"article","og_title":"Actualit\u00e9s - FISIQA","og_description":"35 ans d&#8217;exp\u00e9rience 15 February 2024 Je m&#8217;appelle Bart Schulte, je suis un cadre sup\u00e9rieur de l&#8217;industrie alimentaire, expert en gestion de l&#8217;assurance qualit\u00e9, des affaires r\u00e9glementaires, de la transformation des aliments et du d\u00e9veloppement des emballages, de la sant\u00e9, de la s\u00e9curit\u00e9 au travail et de l&#8217;environnement, avec plus de 35 ans d&#8217;exp\u00e9rience dans &hellip; Read more \"Bienvenue chez FISIQA\"","og_url":"https:\/\/fisiqa.com\/index.php\/actualites\/","og_site_name":"FISIQA","article_modified_time":"2024-03-14T07:13:25+00:00","og_image":[{"width":2560,"height":1435,"url":"https:\/\/fisiqa.com\/wp-content\/uploads\/2024\/02\/04973-scaled.webp","type":"image\/webp"}],"twitter_card":"summary_large_image","twitter_misc":{"Est. reading time":"1 minute"},"schema":{"@context":"https:\/\/schema.org","@graph":[{"@type":"WebPage","@id":"https:\/\/fisiqa.com\/index.php\/actualites\/","url":"https:\/\/fisiqa.com\/index.php\/actualites\/","name":"Actualit\u00e9s - FISIQA","isPartOf":{"@id":"https:\/\/fisiqa.com\/#website"},"primaryImageOfPage":{"@id":"https:\/\/fisiqa.com\/index.php\/actualites\/#primaryimage"},"image":{"@id":"https:\/\/fisiqa.com\/index.php\/actualites\/#primaryimage"},"thumbnailUrl":"https:\/\/fisiqa.com\/wp-content\/uploads\/2024\/02\/04973-scaled.webp","datePublished":"2024-02-17T10:02:39+00:00","dateModified":"2024-03-14T07:13:25+00:00","breadcrumb":{"@id":"https:\/\/fisiqa.com\/index.php\/actualites\/#breadcrumb"},"inLanguage":"en-US","potentialAction":[{"@type":"ReadAction","target":["https:\/\/fisiqa.com\/index.php\/actualites\/"]}]},{"@type":"ImageObject","inLanguage":"en-US","@id":"https:\/\/fisiqa.com\/index.php\/actualites\/#primaryimage","url":"https:\/\/fisiqa.com\/wp-content\/uploads\/2024\/02\/04973-scaled.webp","contentUrl":"https:\/\/fisiqa.com\/wp-content\/uploads\/2024\/02\/04973-scaled.webp","width":2560,"height":1435,"caption":"A growing potato plant \u00a9 APREALMEDIA"},{"@type":"BreadcrumbList","@id":"https:\/\/fisiqa.com\/index.php\/actualites\/#breadcrumb","itemListElement":[{"@type":"ListItem","position":1,"name":"Accueil","item":"https:\/\/fisiqa.com\/index.php\/en\/home\/"},{"@type":"ListItem","position":2,"name":"Actualit\u00e9s"}]},{"@type":"WebSite","@id":"https:\/\/fisiqa.com\/#website","url":"https:\/\/fisiqa.com\/","name":"FISIQA","description":"Food Industry Support In Quality Assurance","publisher":{"@id":"https:\/\/fisiqa.com\/#organization"},"potentialAction":[{"@type":"SearchAction","target":{"@type":"EntryPoint","urlTemplate":"https:\/\/fisiqa.com\/?s={search_term_string}"},"query-input":{"@type":"PropertyValueSpecification","valueRequired":true,"valueName":"search_term_string"}}],"inLanguage":"en-US"},{"@type":"Organization","@id":"https:\/\/fisiqa.com\/#organization","name":"FISIQA","url":"https:\/\/fisiqa.com\/","logo":{"@type":"ImageObject","inLanguage":"en-US","@id":"https:\/\/fisiqa.com\/#\/schema\/logo\/image\/","url":"https:\/\/fisiqa.com\/wp-content\/uploads\/2024\/02\/logo-V3-def.png","contentUrl":"https:\/\/fisiqa.com\/wp-content\/uploads\/2024\/02\/logo-V3-def.png","width":2500,"height":568,"caption":"FISIQA"},"image":{"@id":"https:\/\/fisiqa.com\/#\/schema\/logo\/image\/"},"sameAs":["https:\/\/www.linkedin.com\/in\/bartcschulte"]}]}},"_links":{"self":[{"href":"https:\/\/fisiqa.com\/index.php\/wp-json\/wp\/v2\/pages\/384","targetHints":{"allow":["GET"]}}],"collection":[{"href":"https:\/\/fisiqa.com\/index.php\/wp-json\/wp\/v2\/pages"}],"about":[{"href":"https:\/\/fisiqa.com\/index.php\/wp-json\/wp\/v2\/types\/page"}],"author":[{"embeddable":true,"href":"https:\/\/fisiqa.com\/index.php\/wp-json\/wp\/v2\/users\/4"}],"replies":[{"embeddable":true,"href":"https:\/\/fisiqa.com\/index.php\/wp-json\/wp\/v2\/comments?post=384"}],"version-history":[{"count":1,"href":"https:\/\/fisiqa.com\/index.php\/wp-json\/wp\/v2\/pages\/384\/revisions"}],"predecessor-version":[{"id":526,"href":"https:\/\/fisiqa.com\/index.php\/wp-json\/wp\/v2\/pages\/384\/revisions\/526"}],"wp:featuredmedia":[{"embeddable":true,"href":"https:\/\/fisiqa.com\/index.php\/wp-json\/wp\/v2\/media\/164"}],"wp:attachment":[{"href":"https:\/\/fisiqa.com\/index.php\/wp-json\/wp\/v2\/media?parent=384"}],"curies":[{"name":"wp","href":"https:\/\/api.w.org\/{rel}","templated":true}]}}