{"id":366,"date":"2024-02-17T10:27:32","date_gmt":"2024-02-17T09:27:32","guid":{"rendered":"https:\/\/fisiqa.com\/?page_id=366"},"modified":"2024-03-14T08:11:09","modified_gmt":"2024-03-14T07:11:09","slug":"mentions-legales","status":"publish","type":"page","link":"https:\/\/fisiqa.com\/index.php\/mentions-legales\/","title":{"rendered":"Mentions l\u00e9gales"},"content":{"rendered":"<div class=\"entry-content\">\n<div class=\"entry-content\">\n<p>Le site https:\/\/www.fisiqa.com est r\u00e9alis\u00e9 par FISIQA<br \/>\nSi\u00e8ge social : \u2013 25 boulevard de la Libert\u00e9, 59800 Lille, FRANCE<br \/>\nSASU au capital de 1000 euros \u2013 SIREN 954 080 313 \u2013 CODE APE 74.90B<br \/>\nTVA intracommunautaire FR 65954080313<\/p>\n<p><strong>Clause de non-responsabilit\u00e9 concernant les informations disponibles sur ce site<\/strong><br \/>\nFISIQA s&#8217;efforce d&#8217;assurer que les informations publi\u00e9es sur ce site sont exactes et \u00e0 jour et se r\u00e9serve le droit de corriger le contenu \u00e0 tout moment et sans pr\u00e9avis. Toutefois, la FISIQA ne peut garantir l&#8217;exactitude, la pr\u00e9cision ou l&#8217;exhaustivit\u00e9 des informations mises \u00e0 disposition sur ce site.<\/p>\n<p>En cons\u00e9quence, FISIQA d\u00e9cline toute responsabilit\u00e9 :<\/p>\n<ul>\n<li>de toute interruption du site Internet et\/ou apparition de bugs,<\/li>\n<li>de toute inexactitude ou omission dans des informations disponibles sur le site,<\/li>\n<li>de tout dommage r\u00e9sultant d&#8217;une intrusion frauduleuse d&#8217;un tiers ayant entra\u00een\u00e9 une modification des informations mises \u00e0 la disposition sur le site.<\/li>\n<\/ul>\n<p><strong>\u00c9diteur<\/strong><br \/>\nCe site est \u00e9dit\u00e9 par la FISIQA.<br \/>\nDirecteur de la publication : Bart SCHULTE, Pr\u00e9sident.<br \/>\nConception et r\u00e9alisation : FISIQA &amp; APREALMEDIA.fr<br \/>\nCr\u00e9dits photos &amp; textes : FISIQA.com &amp; APREALMEDIA.fr<\/p>\n<p><strong>H\u00e9bergement<\/strong><br \/>\nOVH \u2013 SAS au capital de 500 K\u20ac<br \/>\nSi\u00e8ge social : 2 rue Kellermann \u2013 59100 Roubaix \u2013 France.<\/p>\n<p><strong>Cookies et Sessions<\/strong><br \/>\nNous pouvons utiliser vos donn\u00e9es de navigation via des cookies. Les donn\u00e9es utilis\u00e9es sont strictement anonymes et sont utilis\u00e9es \u00e0 des fins purement statistiques. Par exemple, vous pouvez voir des banni\u00e8res personnalis\u00e9es.<\/p>\n<p>Le terme \u00ab cookies \u00bb d\u00e9signe \u00ab toute trace d\u00e9pos\u00e9e, par exemple, lors de la consultation d&#8217;un site Internet ou de la lecture d&#8217;un courrier \u00e9lectronique \u00bb. Le site FISIQA int\u00e8gre des boutons de partage sur les r\u00e9seaux sociaux. Vous pouvez toutefois refuser les cookies en vous rendant dans vos param\u00e8tres (voir le menu d&#8217;aide de votre navigateur) :<\/p>\n<p>Pour Internet Explorer : <a class=\"text-primary\" href=\"https:\/\/translate.google.com\/website?sl=auto&amp;tl=fr&amp;hl=fr&amp;client=webapp&amp;u=https:\/\/support.microsoft.com\/fr-fr\/help\/17442\/windows-internet-explorer-delete-manage-cookies\" target=\"_blank\" rel=\"noopener\">Autoriser ou bloquer les cookies avec Internet Explorer<\/a><br \/>\nPour Google Chrome : <a class=\"text-primary\" href=\"https:\/\/translate.google.com\/website?sl=auto&amp;tl=fr&amp;hl=fr&amp;client=webapp&amp;u=https:\/\/support.google.com\/chrome\/answer\/95647?hl%3Dfr%26hlrm%3Den\" target=\"_blank\" rel=\"noopener\">G\u00e9rez vos cookies avec Google Chrome<\/a><br \/>\nPour Mozilla Firefox : <a class=\"text-primary\" href=\"https:\/\/translate.google.com\/website?sl=auto&amp;tl=fr&amp;hl=fr&amp;client=webapp&amp;u=https:\/\/support.mozilla.org\/fr\/kb\/activer-desactiver-cookies-preferences?redirectlocale%3Dfr%26redirectslug%3Dactiver-desactiver-cookies\" target=\"_blank\" rel=\"noopener\">Activez ou d\u00e9sactivez vos cookies avec Mozilla Firefox<\/a><br \/>\nPour Opera :\u00a0 <a class=\"text-primary\" href=\"https:\/\/translate.google.com\/website?sl=auto&amp;tl=fr&amp;hl=fr&amp;client=webapp&amp;u=https:\/\/help.opera.com\/fr\/Windows\/10.20\/fr\/cookies.html\">Gestion des pr\u00e9f\u00e9rences cookies avec Op\u00e9ra<\/a><br \/>\nPour Safari : <a class=\"text-primary\" href=\"https:\/\/translate.google.com\/website?sl=auto&amp;tl=fr&amp;hl=fr&amp;client=webapp&amp;u=https:\/\/support.apple.com\/kb\/PH17191?viewlocale%3Den_US%26locale%3Den_US\" target=\"_blank\" rel=\"noopener\">Gestion des cookies avec Safari (en anglais)<\/a><\/p>\n<p>Si vous ne souhaitez plus voir ce type de banni\u00e8re et\/ou souhaitez plus d&#8217;informations sur ce processus, veuillez vous rendre aux adresses suivantes :<\/p>\n<p>Google\u00a0:\u00a0 <a href=\"https:\/\/translate.google.com\/website?sl=auto&amp;tl=fr&amp;hl=fr&amp;client=webapp&amp;u=https:\/\/policies.google.com\/privacy\">https:\/\/policies.google.com\/privacy<\/a><br \/>\nNAI\u00a0:\u00a0 <a href=\"https:\/\/translate.google.com\/website?sl=auto&amp;tl=fr&amp;hl=fr&amp;client=webapp&amp;u=https:\/\/thenai.org\/opt-out\/\">https:\/\/thenai.org\/opt-out\/<\/a><\/p>\n<p><strong>Donn\u00e9es personnelles<\/strong><br \/>\nFISIQA s&#8217;engage \u00e0 pr\u00e9server la confidentialit\u00e9 des informations fournies en ligne par les internautes. Toute information personnelle que l&#8217;internaute pourrait \u00eatre amen\u00e9 \u00e0 transmettre \u00e0 FISIQA pour l&#8217;utilisation de certains services est soumise au R\u00e8glement europ\u00e9en (UE) 2016\/679 du 27 avril 2016 relatif \u00e0 la protection des personnes physiques \u00e0 l&#8217;\u00e9gard des traitements de donn\u00e9es \u00e0 caract\u00e8re personnel, et \u00e0 la Loi Informatique, Fichiers et Libert\u00e9s n\u00b0. 78-17 du 6 janvier 1978 modifi\u00e9e.<\/p>\n<p>La base juridique du traitement des donn\u00e9es est le consentement.<\/p>\n<p>Les internautes disposent donc d&#8217;un droit d&#8217;acc\u00e8s, de rectification et de suppression des informations personnelles les concernant, qu&#8217;ils peuvent exercer \u00e0 tout moment en utilisant le formulaire de contact pr\u00e9sent dans la rubrique \u00ab Contact \u00bb, ou en adressant un courrier \u00e0 l&#8217;adresse suivante : FISIQA \u2013 25 boulevard. de la Libert\u00e9 \u2013 59800 Lille \u2013 France.<\/p>\n<p>Les informations recueillies dans les formulaires de contact du site sont destin\u00e9es \u00e0 \u00eatre utilis\u00e9es pour recontacter l&#8217;internaute pour r\u00e9pondre \u00e0 une question. Le nom, le pr\u00e9nom et l\u2019adresse e-mail seront utilis\u00e9s pour contacter l\u2019utilisateur le cas \u00e9ch\u00e9ant.<\/p>\n<p>Les donn\u00e9es personnelles des formulaires seront supprim\u00e9es une fois la demande trait\u00e9e. Si vous avez des questions sur le traitement de vos donn\u00e9es dans le cadre de ce syst\u00e8me, vous pouvez nous contacter en utilisant le formulaire de contact mis \u00e0 disposition sur le site.<\/p>\n<p>Si, apr\u00e8s nous avoir contact\u00e9s, vous estimez que vos droits \u00e0 l&#8217;informatique, aux fichiers et aux libert\u00e9s ne sont pas respect\u00e9s, vous pouvez introduire une r\u00e9clamation en ligne aupr\u00e8s de la CNIL : www.cnil.fr ou par courrier : CNIL, 3 Place de Fontenoy \u2013 TSA 80715 \u2013 75334 PARIS CEDEX 07.<\/p>\n<p>Le site peut inclure des liens vers d\u2019autres sites Internet ou d\u2019autres sources Internet. Dans la mesure o\u00f9 FISIQA ne peut contr\u00f4ler ces sites et sources externes, FISIQA ne peut \u00eatre tenu responsable de la disponibilit\u00e9 de ces sites et sources externes, et ne peut \u00eatre tenu responsable du contenu, des publicit\u00e9s, des produits, des services ou de tout autre mat\u00e9riel disponible sur ou \u00e0 partir de ces sites et sources externes. sites ou sources.<\/p>\n<p>Par ailleurs, FISIQA ne pourra \u00eatre tenu responsable de tout dommage ou perte, av\u00e9r\u00e9s ou all\u00e9gu\u00e9s, cons\u00e9cutifs ou en relation avec l&#8217;utilisation ou le fait d&#8217;avoir fait confiance au contenu, \u00e0 des biens ou des services disponibles sur ces sites ou sources externes.<\/p>\n<p><strong>Droits de propri\u00e9t\u00e9 intellectuelle<\/strong><br \/>\nL&#8217;ensemble de ce site est r\u00e9gi par la l\u00e9gislation fran\u00e7aise sur le droit d&#8217;auteur et la propri\u00e9t\u00e9 intellectuelle. Tous les droits de reproduction sont r\u00e9serv\u00e9s, y compris pour les documents t\u00e9l\u00e9chargeables et les repr\u00e9sentations iconographiques et photographiques.<\/p>\n<p>La reproduction de tout ou partie de ce site sur quelque support \u00e9lectronique que ce soit est strictement interdite \u2013 sauf autorisation expresse du Pr\u00e9sident de la FISIQA, qui est \u00e9galement directeur de la publication.<\/p>\n<p>Ce document provient du site Internet de la FISIQA.<\/p>\n<p>Les droits de reproduction sont r\u00e9serv\u00e9s et strictement limit\u00e9s.<\/p>\n<p><strong>Fonctionnement<\/strong><br \/>\nSi vous avez des remarques sur le fonctionnement de ce site, n&#8217;h\u00e9sitez pas \u00e0 nous envoyer un message via le formulaire de contact.<\/p>\n<\/div>\n<\/div>\n","protected":false},"excerpt":{"rendered":"<p>Le site https:\/\/www.fisiqa.com est r\u00e9alis\u00e9 par FISIQA Si\u00e8ge social : \u2013 25 boulevard de la Libert\u00e9, 59800 Lille, FRANCE SASU au capital de 1000 euros \u2013 SIREN 954 080 313 \u2013 CODE APE 74.90B TVA intracommunautaire FR 65954080313 Clause de non-responsabilit\u00e9 concernant les informations disponibles sur ce site FISIQA s&#8217;efforce d&#8217;assurer que les informations publi\u00e9es &hellip; <\/p>\n<p class=\"link-more\"><a href=\"https:\/\/fisiqa.com\/index.php\/mentions-legales\/\" class=\"more-link\">Read more<span class=\"screen-reader-text\"> &#8220;Mentions l\u00e9gales&#8221;<\/span><\/a><\/p>\n","protected":false},"author":4,"featured_media":163,"parent":0,"menu_order":0,"comment_status":"closed","ping_status":"closed","template":"","meta":{"inspiro_hide_title":false,"footnotes":""},"class_list":["post-366","page","type-page","status-publish","has-post-thumbnail","hentry"],"yoast_head":"<!-- This site is optimized with the Yoast SEO plugin v27.4 - https:\/\/yoast.com\/product\/yoast-seo-wordpress\/ -->\n<title>Mentions l\u00e9gales - FISIQA<\/title>\n<meta name=\"robots\" content=\"index, follow, max-snippet:-1, max-image-preview:large, max-video-preview:-1\" \/>\n<link rel=\"canonical\" href=\"https:\/\/fisiqa.com\/index.php\/mentions-legales\/\" \/>\n<meta property=\"og:locale\" content=\"en_US\" \/>\n<meta property=\"og:type\" content=\"article\" \/>\n<meta property=\"og:title\" content=\"Mentions l\u00e9gales - FISIQA\" \/>\n<meta property=\"og:description\" content=\"Le site https:\/\/www.fisiqa.com est r\u00e9alis\u00e9 par FISIQA Si\u00e8ge social : \u2013 25 boulevard de la Libert\u00e9, 59800 Lille, FRANCE SASU au capital de 1000 euros \u2013 SIREN 954 080 313 \u2013 CODE APE 74.90B TVA intracommunautaire FR 65954080313 Clause de non-responsabilit\u00e9 concernant les informations disponibles sur ce site FISIQA s&#8217;efforce d&#8217;assurer que les informations publi\u00e9es &hellip; Read more &quot;Mentions l\u00e9gales&quot;\" \/>\n<meta property=\"og:url\" content=\"https:\/\/fisiqa.com\/index.php\/mentions-legales\/\" \/>\n<meta property=\"og:site_name\" content=\"FISIQA\" \/>\n<meta property=\"article:modified_time\" content=\"2024-03-14T07:11:09+00:00\" \/>\n<meta property=\"og:image\" content=\"https:\/\/fisiqa.com\/wp-content\/uploads\/2024\/02\/686586-scaled.webp\" \/>\n\t<meta property=\"og:image:width\" content=\"2560\" \/>\n\t<meta property=\"og:image:height\" content=\"1707\" \/>\n\t<meta property=\"og:image:type\" content=\"image\/webp\" \/>\n<meta name=\"twitter:card\" content=\"summary_large_image\" \/>\n<meta name=\"twitter:label1\" content=\"Est. reading time\" \/>\n\t<meta name=\"twitter:data1\" content=\"4 minutes\" \/>\n<script type=\"application\/ld+json\" class=\"yoast-schema-graph\">{\"@context\":\"https:\\\/\\\/schema.org\",\"@graph\":[{\"@type\":\"WebPage\",\"@id\":\"https:\\\/\\\/fisiqa.com\\\/index.php\\\/mentions-legales\\\/\",\"url\":\"https:\\\/\\\/fisiqa.com\\\/index.php\\\/mentions-legales\\\/\",\"name\":\"Mentions l\u00e9gales - FISIQA\",\"isPartOf\":{\"@id\":\"https:\\\/\\\/fisiqa.com\\\/#website\"},\"primaryImageOfPage\":{\"@id\":\"https:\\\/\\\/fisiqa.com\\\/index.php\\\/mentions-legales\\\/#primaryimage\"},\"image\":{\"@id\":\"https:\\\/\\\/fisiqa.com\\\/index.php\\\/mentions-legales\\\/#primaryimage\"},\"thumbnailUrl\":\"https:\\\/\\\/fisiqa.com\\\/wp-content\\\/uploads\\\/2024\\\/02\\\/686586-scaled.webp\",\"datePublished\":\"2024-02-17T09:27:32+00:00\",\"dateModified\":\"2024-03-14T07:11:09+00:00\",\"breadcrumb\":{\"@id\":\"https:\\\/\\\/fisiqa.com\\\/index.php\\\/mentions-legales\\\/#breadcrumb\"},\"inLanguage\":\"en-US\",\"potentialAction\":[{\"@type\":\"ReadAction\",\"target\":[\"https:\\\/\\\/fisiqa.com\\\/index.php\\\/mentions-legales\\\/\"]}]},{\"@type\":\"ImageObject\",\"inLanguage\":\"en-US\",\"@id\":\"https:\\\/\\\/fisiqa.com\\\/index.php\\\/mentions-legales\\\/#primaryimage\",\"url\":\"https:\\\/\\\/fisiqa.com\\\/wp-content\\\/uploads\\\/2024\\\/02\\\/686586-scaled.webp\",\"contentUrl\":\"https:\\\/\\\/fisiqa.com\\\/wp-content\\\/uploads\\\/2024\\\/02\\\/686586-scaled.webp\",\"width\":2560,\"height\":1707,\"caption\":\"food \u00a9 APREALMEDIA\"},{\"@type\":\"BreadcrumbList\",\"@id\":\"https:\\\/\\\/fisiqa.com\\\/index.php\\\/mentions-legales\\\/#breadcrumb\",\"itemListElement\":[{\"@type\":\"ListItem\",\"position\":1,\"name\":\"Accueil\",\"item\":\"https:\\\/\\\/fisiqa.com\\\/index.php\\\/en\\\/home\\\/\"},{\"@type\":\"ListItem\",\"position\":2,\"name\":\"Mentions l\u00e9gales\"}]},{\"@type\":\"WebSite\",\"@id\":\"https:\\\/\\\/fisiqa.com\\\/#website\",\"url\":\"https:\\\/\\\/fisiqa.com\\\/\",\"name\":\"FISIQA\",\"description\":\"Food Industry Support In Quality Assurance\",\"publisher\":{\"@id\":\"https:\\\/\\\/fisiqa.com\\\/#organization\"},\"potentialAction\":[{\"@type\":\"SearchAction\",\"target\":{\"@type\":\"EntryPoint\",\"urlTemplate\":\"https:\\\/\\\/fisiqa.com\\\/?s={search_term_string}\"},\"query-input\":{\"@type\":\"PropertyValueSpecification\",\"valueRequired\":true,\"valueName\":\"search_term_string\"}}],\"inLanguage\":\"en-US\"},{\"@type\":\"Organization\",\"@id\":\"https:\\\/\\\/fisiqa.com\\\/#organization\",\"name\":\"FISIQA\",\"url\":\"https:\\\/\\\/fisiqa.com\\\/\",\"logo\":{\"@type\":\"ImageObject\",\"inLanguage\":\"en-US\",\"@id\":\"https:\\\/\\\/fisiqa.com\\\/#\\\/schema\\\/logo\\\/image\\\/\",\"url\":\"https:\\\/\\\/fisiqa.com\\\/wp-content\\\/uploads\\\/2024\\\/02\\\/logo-V3-def.png\",\"contentUrl\":\"https:\\\/\\\/fisiqa.com\\\/wp-content\\\/uploads\\\/2024\\\/02\\\/logo-V3-def.png\",\"width\":2500,\"height\":568,\"caption\":\"FISIQA\"},\"image\":{\"@id\":\"https:\\\/\\\/fisiqa.com\\\/#\\\/schema\\\/logo\\\/image\\\/\"},\"sameAs\":[\"https:\\\/\\\/www.linkedin.com\\\/in\\\/bartcschulte\"]}]}<\/script>\n<!-- \/ Yoast SEO plugin. -->","yoast_head_json":{"title":"Mentions l\u00e9gales - FISIQA","robots":{"index":"index","follow":"follow","max-snippet":"max-snippet:-1","max-image-preview":"max-image-preview:large","max-video-preview":"max-video-preview:-1"},"canonical":"https:\/\/fisiqa.com\/index.php\/mentions-legales\/","og_locale":"en_US","og_type":"article","og_title":"Mentions l\u00e9gales - FISIQA","og_description":"Le site https:\/\/www.fisiqa.com est r\u00e9alis\u00e9 par FISIQA Si\u00e8ge social : \u2013 25 boulevard de la Libert\u00e9, 59800 Lille, FRANCE SASU au capital de 1000 euros \u2013 SIREN 954 080 313 \u2013 CODE APE 74.90B TVA intracommunautaire FR 65954080313 Clause de non-responsabilit\u00e9 concernant les informations disponibles sur ce site FISIQA s&#8217;efforce d&#8217;assurer que les informations publi\u00e9es &hellip; Read more \"Mentions l\u00e9gales\"","og_url":"https:\/\/fisiqa.com\/index.php\/mentions-legales\/","og_site_name":"FISIQA","article_modified_time":"2024-03-14T07:11:09+00:00","og_image":[{"width":2560,"height":1707,"url":"https:\/\/fisiqa.com\/wp-content\/uploads\/2024\/02\/686586-scaled.webp","type":"image\/webp"}],"twitter_card":"summary_large_image","twitter_misc":{"Est. reading time":"4 minutes"},"schema":{"@context":"https:\/\/schema.org","@graph":[{"@type":"WebPage","@id":"https:\/\/fisiqa.com\/index.php\/mentions-legales\/","url":"https:\/\/fisiqa.com\/index.php\/mentions-legales\/","name":"Mentions l\u00e9gales - FISIQA","isPartOf":{"@id":"https:\/\/fisiqa.com\/#website"},"primaryImageOfPage":{"@id":"https:\/\/fisiqa.com\/index.php\/mentions-legales\/#primaryimage"},"image":{"@id":"https:\/\/fisiqa.com\/index.php\/mentions-legales\/#primaryimage"},"thumbnailUrl":"https:\/\/fisiqa.com\/wp-content\/uploads\/2024\/02\/686586-scaled.webp","datePublished":"2024-02-17T09:27:32+00:00","dateModified":"2024-03-14T07:11:09+00:00","breadcrumb":{"@id":"https:\/\/fisiqa.com\/index.php\/mentions-legales\/#breadcrumb"},"inLanguage":"en-US","potentialAction":[{"@type":"ReadAction","target":["https:\/\/fisiqa.com\/index.php\/mentions-legales\/"]}]},{"@type":"ImageObject","inLanguage":"en-US","@id":"https:\/\/fisiqa.com\/index.php\/mentions-legales\/#primaryimage","url":"https:\/\/fisiqa.com\/wp-content\/uploads\/2024\/02\/686586-scaled.webp","contentUrl":"https:\/\/fisiqa.com\/wp-content\/uploads\/2024\/02\/686586-scaled.webp","width":2560,"height":1707,"caption":"food \u00a9 APREALMEDIA"},{"@type":"BreadcrumbList","@id":"https:\/\/fisiqa.com\/index.php\/mentions-legales\/#breadcrumb","itemListElement":[{"@type":"ListItem","position":1,"name":"Accueil","item":"https:\/\/fisiqa.com\/index.php\/en\/home\/"},{"@type":"ListItem","position":2,"name":"Mentions l\u00e9gales"}]},{"@type":"WebSite","@id":"https:\/\/fisiqa.com\/#website","url":"https:\/\/fisiqa.com\/","name":"FISIQA","description":"Food Industry Support In Quality Assurance","publisher":{"@id":"https:\/\/fisiqa.com\/#organization"},"potentialAction":[{"@type":"SearchAction","target":{"@type":"EntryPoint","urlTemplate":"https:\/\/fisiqa.com\/?s={search_term_string}"},"query-input":{"@type":"PropertyValueSpecification","valueRequired":true,"valueName":"search_term_string"}}],"inLanguage":"en-US"},{"@type":"Organization","@id":"https:\/\/fisiqa.com\/#organization","name":"FISIQA","url":"https:\/\/fisiqa.com\/","logo":{"@type":"ImageObject","inLanguage":"en-US","@id":"https:\/\/fisiqa.com\/#\/schema\/logo\/image\/","url":"https:\/\/fisiqa.com\/wp-content\/uploads\/2024\/02\/logo-V3-def.png","contentUrl":"https:\/\/fisiqa.com\/wp-content\/uploads\/2024\/02\/logo-V3-def.png","width":2500,"height":568,"caption":"FISIQA"},"image":{"@id":"https:\/\/fisiqa.com\/#\/schema\/logo\/image\/"},"sameAs":["https:\/\/www.linkedin.com\/in\/bartcschulte"]}]}},"_links":{"self":[{"href":"https:\/\/fisiqa.com\/index.php\/wp-json\/wp\/v2\/pages\/366","targetHints":{"allow":["GET"]}}],"collection":[{"href":"https:\/\/fisiqa.com\/index.php\/wp-json\/wp\/v2\/pages"}],"about":[{"href":"https:\/\/fisiqa.com\/index.php\/wp-json\/wp\/v2\/types\/page"}],"author":[{"embeddable":true,"href":"https:\/\/fisiqa.com\/index.php\/wp-json\/wp\/v2\/users\/4"}],"replies":[{"embeddable":true,"href":"https:\/\/fisiqa.com\/index.php\/wp-json\/wp\/v2\/comments?post=366"}],"version-history":[{"count":4,"href":"https:\/\/fisiqa.com\/index.php\/wp-json\/wp\/v2\/pages\/366\/revisions"}],"predecessor-version":[{"id":520,"href":"https:\/\/fisiqa.com\/index.php\/wp-json\/wp\/v2\/pages\/366\/revisions\/520"}],"wp:featuredmedia":[{"embeddable":true,"href":"https:\/\/fisiqa.com\/index.php\/wp-json\/wp\/v2\/media\/163"}],"wp:attachment":[{"href":"https:\/\/fisiqa.com\/index.php\/wp-json\/wp\/v2\/media?parent=366"}],"curies":[{"name":"wp","href":"https:\/\/api.w.org\/{rel}","templated":true}]}}